{"id":907,"date":"2017-06-10T08:21:56","date_gmt":"2017-06-10T08:21:56","guid":{"rendered":"http:\/\/xtratheme.combuilding\/?page_id=4"},"modified":"2025-07-23T11:28:03","modified_gmt":"2025-07-23T11:28:03","slug":"home","status":"publish","type":"page","link":"https:\/\/www.lhjupiter.com\/en\/","title":{"rendered":"Home"},"content":{"rendered":"<p>[vc_row][vc_column]<div class=\"cz_gap clr \" style=\"height: 50px\"><\/div>[\/vc_column][\/vc_row][vc_row full_width=&#8221;stretch_row&#8221; parallax=&#8221;content-moving&#8221;][vc_column]<div id=\"cz_108230\" class=\"cz_108230 cz_title clr cz_title_pos_inline tac\"><div class=\"cz_title_content\"><div class=\"cz_wpe_content\"><h2 style=\"text-align: center;\"><span style=\"color: #bc994c; line-height: 2;\">\u017delite rezervirati sobu?<\/span><\/h2>\n<h4 style=\"text-align: center;\"><span style=\"color: #808080; font-family: Montserrat; font-weight: 300; line-height: 2;\">Da, naravno! Slobodno rezervirajte!<\/span><\/h4>\n<\/div><\/div><\/div><div class=\"cz_gap clr \" style=\"height: 35px\"><\/div><div class=\"cz_btn_center\"><div class=\"cz_41998_p\"><a id=\"cz_41998\" class=\"cz_41998 cz_btn cz_btn_txt_no_fx cz_btn_fill_up\" href=\"https:\/\/www.lhjupiter.com\/rezervacija\/\" target=\"_blank\"><span><i class=\"fa czico-073-checked-3\"><\/i><strong>BOOK NOW<\/strong><\/span><b class=\"cz_btn_onhover\"><i class=\"fa czico-073-checked-3\"><\/i><strong>BOOK NOW<\/strong><\/b><\/a><\/div><\/div><div class=\"cz_gap clr \" style=\"height: 35px\"><\/div>[\/vc_column][\/vc_row][vc_row][vc_column width=&#8221;1\/2&#8243;]<div id=\"cz_29874\" class=\"cz_29874 cz_image clr cz_image_no_fx\"><div class=\"\" ><div class=\"cz_image_in\"><div class=\"cz_main_image\"><img class=\"\" src=\"data:image\/svg+xml,%3Csvg%20xmlns%3D&#39;http%3A%2F%2Fwww.w3.org%2F2000%2Fsvg&#39;%20width=&#39;600&#39;%20height=&#39;400&#39;%20viewBox%3D&#39;0%200%20600%20400&#39;%2F%3E\" data-czlz data-src=\"https:\/\/www.lhjupiter.com\/wp-content\/uploads\/2018\/10\/elevator_1-600x400.jpg\" width=\"600\" height=\"400\" alt=\"elevator_1\" title=\"elevator_1\" \/><\/div><\/div><\/div><\/div>[\/vc_column][vc_column width=&#8221;1\/2&#8243;]<div id=\"cz_80533\" class=\"cz_80533 cz_title clr cz_smart_fs cz_title_ba_line cz_title_pos_inline\"><div class=\"cz_title_content\"><div class=\"cz_wpe_content\"><h3><span style=\"color: #bc994c; font-size: 35px; font-weight: bold;\"><strong><span style=\"color: #bc994c; font-weight: 900;\">Dobrodo\u0161li<\/span><\/strong><\/span><\/h3>\n<\/div><div class=\"cz_title_line cz_line_after_title\"><span>_<\/span><\/div><\/div><\/div><div class=\"cz_gap clr \" style=\"height: 30px\"><\/div>[vc_column_text css=&#8221;.vc_custom_1551100246854{margin-bottom: 40px !important;}&#8221;]<span style=\"font-size: 15px;\"><span style=\"font-family: Verdana;\">\u017deljeli bismo iskoristiti ovu priliku i po\u017eeljeti Vam dobrodo\u0161licu na web stranice na\u0161eg heritage hotela.<\/span><span style=\"font-family: Verdana;\">Jupiter Luxury Hotel je mali lifestyle hotel koji se sastoji od 38 ukusno ure\u0111enih soba u srcu Dioklecijanove pala\u010de u Splitu. Svim na\u0161im gostima nudimo na\u0161im gostima besplatno kori\u0161tenje Wi-Fi ADSL &#8211; brzi internet, vanjski jacuzzi i saunu.<\/span><\/span><\/p>\n<p><span style=\"font-size: 15px;\"><span style=\"font-family: Verdana;\">Mi znamo kako na poseban na\u010din biti ljubazni, pa\u017eljivi, i gostoljubivi s na\u0161im gostima. To je na\u010din o kojem smo mislili i koji smo pobolj\u0161avali tijekom godina, a danas spada u na\u0161e dobre navike.<\/span><\/span><\/p>\n<p><span style=\"font-size: 15px;\"><span style=\"font-family: Verdana;\">\u017delite li osjetiti atmosferu grada, biti u srcu doga\u0111anja, spavati i u\u017eivati okru\u017eeni stoljetnom povijesti u vili Rimskog cara, mi smo tu za Vas.<br \/>\n<\/span><span style=\"font-family: Verdana;\">Iskreno se nadamo se da \u0107ete odabrati na\u0161 hotel za boravak tijekom Va\u0161eg posjeta Splitu.<\/span><\/span><\/p>\n<p><span style=\"font-family: Verdana; font-size: 15px;\">Uz srda\u010dne pozdrave<br \/>\nOsoblje JLH<\/span>[\/vc_column_text][\/vc_column][\/vc_row][vc_row][vc_column width=&#8221;1\/2&#8243;]<div id=\"cz_36056\" class=\"cz_36056 cz_title clr cz_smart_fs cz_title_ba_line cz_title_pos_inline\"><div class=\"cz_title_content\"><div class=\"cz_wpe_content\"><h3><span style=\"color: #f1bb30; font-size: 35px; font-weight: bold;\"><strong><span style=\"color: #bc994c; font-weight: 900;\">Virtual tour<\/span><\/strong><\/span><\/h3>\n<\/div><div class=\"cz_title_line cz_line_after_title\"><span>_<\/span><\/div><\/div><\/div><div class=\"cz_gap clr \" style=\"height: 30px\"><\/div>[vc_column_text css=&#8221;.vc_custom_1551100270577{margin-bottom: 40px !important;}&#8221;]<span style=\"font-size: 15px; font-family: Verdana;\">Upoznajte hotel kroz virtualnu turu po sobama, restoranu i hotelskoj recepciji!<\/span>[\/vc_column_text]<div class=\"cz_btn_inline\"><div class=\"cz_82334_p\"><a id=\"cz_82334\" class=\"cz_82334 cz_btn cz_btn_txt_no_fx cz_btn_fill_left cz_btn_icon_after\" href=\"https:\/\/www.lhjupiter.com\/virtual_tour\/flash\/virtualtour.hr_Jupiter.html\" target=\"_blank\"><span><strong>TAKE THE VIRTUAL TOUR<\/strong><i class=\"fa czico-095-play-button\"><\/i><\/span><b class=\"cz_btn_onhover\"><strong>TAKE THE VIRTUAL TOUR<\/strong><i class=\"fa czico-095-play-button\"><\/i><\/b><\/a><\/div><\/div>[\/vc_column][vc_column width=&#8221;1\/2&#8243;]<div id=\"cz_21111\" class=\"cz_21111 cz_image clr cz_image_no_fx center_on_mobile\"><div class=\"\" ><div class=\"cz_image_in\"><div class=\"cz_main_image\"><img class=\"\" src=\"data:image\/svg+xml,%3Csvg%20xmlns%3D&#39;http%3A%2F%2Fwww.w3.org%2F2000%2Fsvg&#39;%20width=&#39;600&#39;%20height=&#39;400&#39;%20viewBox%3D&#39;0%200%20600%20400&#39;%2F%3E\" data-czlz data-src=\"https:\/\/www.lhjupiter.com\/wp-content\/uploads\/2018\/11\/jupiter-deluxe-600x400.jpg\" width=\"600\" height=\"400\" alt=\"jupiter deluxe\" title=\"jupiter deluxe\" \/><\/div><\/div><\/div><\/div>[\/vc_column][\/vc_row][vc_row][vc_column width=&#8221;1\/2&#8243;]<div id=\"cz_100378\" class=\"cz_100378 cz_image clr cz_image_no_fx\"><div class=\"\" ><div class=\"cz_image_in\"><div class=\"cz_main_image\"><img class=\"\" src=\"data:image\/svg+xml,%3Csvg%20xmlns%3D&#39;http%3A%2F%2Fwww.w3.org%2F2000%2Fsvg&#39;%20width=&#39;600&#39;%20height=&#39;400&#39;%20viewBox%3D&#39;0%200%20600%20400&#39;%2F%3E\" data-czlz data-src=\"https:\/\/www.lhjupiter.com\/wp-content\/uploads\/2018\/11\/central-city-location-600x400.jpg\" width=\"600\" height=\"400\" alt=\"central city location\" title=\"central city location\" \/><\/div><\/div><\/div><\/div>[\/vc_column][vc_column width=&#8221;1\/2&#8243;]<div id=\"cz_52448\" class=\"cz_52448 cz_title clr cz_smart_fs cz_title_ba_line cz_title_pos_inline\"><div class=\"cz_title_content\"><div class=\"cz_wpe_content\"><h3><span style=\"color: #f1bb30; font-size: 35px; font-weight: bold;\"><strong><span style=\"color: #bc994c; font-weight: 900;\">Lokacija u centru grada<\/span><\/strong><\/span><\/h3>\n<\/div><div class=\"cz_title_line cz_line_after_title\"><span>_<\/span><\/div><\/div><\/div><div class=\"cz_gap clr \" style=\"height: 30px\"><\/div>[vc_column_text css=&#8221;.vc_custom_1551100317510{margin-bottom: 40px !important;}&#8221;]<span style=\"font-size: 15px; font-family: Verdana;\">Hotel se nalazi u sredi\u0161tu 1700 godina stare Dioklecijanove pala\u010de, u neposrednoj blizini Jupiterovog hrama i Peristila. Smje\u0161ten je na samo par koraka od mno\u0161tva barova i restorana, nadomak Rive. Mjesto je za romanti\u010dni bijeg, na lokaciji savr\u0161enoj za upoznavanje kulture i umjetnosti, te za opu\u0161tanje u ovom gradu punom \u017eivota.<\/span><\/p>\n<p><span style=\"font-size: 15px; font-family: Verdana;\">Bez obzira na prijevozno sredstvo koje ste odabrali za do\u0107i do Splita, mi \u0107emo biti u mogu\u0107nosti dati Vam upute i najbolji savjet da stignete do nas jednostavno i uz maksimalnu udobnost sve do ulaza u hotel. Hotel se nalazi unutar pje\u0161a\u010dke zone, stoga Vas molimo da nas kontaktirate kako bi Vam pomogli s prtljagom, te s informacijama o parkingu.<\/span><\/p>\n<p><span style=\"font-size: 13px; font-family: Verdana;\"><span style=\"font-size: 15px;\">Lako je do nas do\u0107i: automobilom, Jadranskom Magistralom ili autocestom koja povezuje kontinentalnu Hrvatsku s Dalmatinskom regijom i gradom na Marjanskom poluotoku ili autobusom iz Zra\u010dne luke Split. Split je zavr\u0161na postaja \u017eeljezni\u010dkih pruga i dobro povezan lokalnim i internacionalnim brodskim linijama s obalnim i oto\u010dnim lukama te Italijom. Gradska luka se nalazi u neposrednoj blizini.<\/span><br \/>\n<\/span>[\/vc_column_text][\/vc_column][\/vc_row][vc_row][vc_column width=&#8221;1\/2&#8243;]<div id=\"cz_65892\" class=\"cz_65892 cz_title clr cz_smart_fs cz_title_ba_line cz_title_pos_inline\"><div class=\"cz_title_content\"><div class=\"cz_wpe_content\"><h3><span style=\"color: #f1bb30; font-size: 35px; font-weight: bold;\"><strong><span style=\"color: #bc994c; font-weight: 900;\">Grupne rezervacije <\/span><\/strong><\/span><\/h3>\n<\/div><div class=\"cz_title_line cz_line_after_title\"><span>_<\/span><\/div><\/div><\/div><div class=\"cz_gap clr \" style=\"height: 30px\"><\/div>[vc_column_text css=&#8221;.vc_custom_1551100356818{margin-bottom: 40px !important;}&#8221;]<span style=\"font-family: Verdana; font-size: 15px;\">Hotel Jupiter mo\u017ee smjestiti 99 ljudi. Za sve grupne upite, molimo po\u0161aljite upit na <\/span><a href=\"mailto:dragana.eterovic@lhjupiter.com\"><span style=\"font-family: Verdana; font-size: 13px;\"><span style=\"font-size: 15px;\">dragana.eterovic@lhjupiter.com<\/span><\/span><\/a>[\/vc_column_text]<div class=\"cz_btn_center\"><div class=\"cz_63475_p\"><a id=\"cz_63475\" class=\"cz_63475 cz_btn cz_btn_txt_no_fx cz_btn_fill_left cz_btn_icon_after\" href=\"https:\/\/www.lhjupiter.com\/rezervacija\/\" target=\"_blank\"><span><strong>REZERVACIJA SOBE<\/strong><i class=\"fa czico-189-arrows-1\"><\/i><\/span><b class=\"cz_btn_onhover\"><strong>REZERVACIJA SOBE<\/strong><i class=\"fa czico-189-arrows-1\"><\/i><\/b><\/a><\/div><\/div>[\/vc_column][vc_column width=&#8221;1\/2&#8243;]<div id=\"cz_61123\" class=\"cz_61123 cz_image clr cz_image_no_fx center_on_mobile\"><div class=\"\" ><div class=\"cz_image_in\"><div class=\"cz_main_image\"><img class=\"\" src=\"data:image\/svg+xml,%3Csvg%20xmlns%3D&#39;http%3A%2F%2Fwww.w3.org%2F2000%2Fsvg&#39;%20width=&#39;600&#39;%20height=&#39;400&#39;%20viewBox%3D&#39;0%200%20600%20400&#39;%2F%3E\" data-czlz data-src=\"https:\/\/www.lhjupiter.com\/wp-content\/uploads\/2018\/11\/floor_1-600x400.jpg\" width=\"600\" height=\"400\" alt=\"floor_1\" title=\"floor_1\" \/><\/div><\/div><\/div><\/div>[\/vc_column][\/vc_row][vc_row][vc_column width=&#8221;1\/2&#8243;]<div id=\"cz_64108\" class=\"cz_64108 cz_image clr cz_image_no_fx\"><div class=\"\" ><div class=\"cz_image_in\"><div class=\"cz_main_image\"><img class=\"\" src=\"data:image\/svg+xml,%3Csvg%20xmlns%3D&#39;http%3A%2F%2Fwww.w3.org%2F2000%2Fsvg&#39;%20width=&#39;600&#39;%20height=&#39;400&#39;%20viewBox%3D&#39;0%200%20600%20400&#39;%2F%3E\" data-czlz data-src=\"https:\/\/www.lhjupiter.com\/wp-content\/uploads\/2018\/11\/restaurant_2-600x400.jpg\" width=\"600\" height=\"400\" alt=\"restaurant_2\" title=\"restaurant_2\" \/><\/div><\/div><\/div><\/div>[\/vc_column][vc_column width=&#8221;1\/2&#8243;]<div id=\"cz_100372\" class=\"cz_100372 cz_title clr cz_smart_fs cz_title_ba_line cz_title_pos_inline\"><div class=\"cz_title_content\"><div class=\"cz_wpe_content\"><h3><span style=\"color: #f1bb30; font-size: 35px; font-weight: bold;\"><strong><span style=\"color: #bc994c; font-weight: 900;\">Parking<\/span><\/strong><\/span><\/h3>\n<\/div><div class=\"cz_title_line cz_line_after_title\"><span>_<\/span><\/div><\/div><\/div><div class=\"cz_gap clr \" style=\"height: 30px\"><\/div>[vc_column_text css=&#8221;.vc_custom_1753266827858{margin-bottom: 40px !important;}&#8221;]<span style=\"font-family: Verdana; font-size: 15px;\">Iako se hotel nalazi unutar Dioklecijanove Pala\u010de koja je pje\u0161a\u010dka zona, za svoje goste smo osigurali parking. Obzirom da je broj parkirnih mjesta ograni\u010den, molimo Vas da isto unaprijed rezervirate putem e-maila ili telefonskim pozivom.<\/span><\/p>\n<p><span style=\"font-family: Verdana; font-size: 15px;\">Cijena parkinga iznosi 25,00 \u20ac za 24 sata.<\/span>[\/vc_column_text]<div class=\"cz_btn_inline\"><div class=\"cz_21436_p\"><a id=\"cz_21436\" class=\"cz_21436 cz_btn cz_btn_txt_no_fx cz_btn_fill_left cz_btn_icon_after\" href=\"https:\/\/www.lhjupiter.com\/lokacija\/\" target=\"_blank\"><span><strong>LOCATION<\/strong><i class=\"fa czico-082-maps-and-flags\"><\/i><\/span><b class=\"cz_btn_onhover\"><strong>LOCATION<\/strong><i class=\"fa czico-082-maps-and-flags\"><\/i><\/b><\/a><\/div><\/div>[\/vc_column][\/vc_row][vc_row][vc_column]<div class=\"cz_gap clr \" style=\"height: 100px\"><\/div>[\/vc_column][\/vc_row]<\/p>\n","protected":false},"excerpt":{"rendered":"<p>[vc_row][vc_column][\/vc_column][\/vc_row][vc_row full_width=&#8221;stretch_row&#8221; parallax=&#8221;content-moving&#8221;][vc_column][\/vc_column][\/vc_row][vc_row][vc_column width=&#8221;1\/2&#8243;][\/vc_column][vc_column width=&#8221;1\/2&#8243;][vc_column_text css=&#8221;.vc_custom_1551100246854{margin-bottom: 40px !important;}&#8221;]\u017deljeli bismo iskoristiti ovu &#8230; <\/p>\n","protected":false},"author":1,"featured_media":0,"parent":0,"menu_order":0,"comment_status":"closed","ping_status":"closed","template":"","meta":[],"_links":{"self":[{"href":"https:\/\/www.lhjupiter.com\/en\/wp-json\/wp\/v2\/pages\/907"}],"collection":[{"href":"https:\/\/www.lhjupiter.com\/en\/wp-json\/wp\/v2\/pages"}],"about":[{"href":"https:\/\/www.lhjupiter.com\/en\/wp-json\/wp\/v2\/types\/page"}],"author":[{"embeddable":true,"href":"https:\/\/www.lhjupiter.com\/en\/wp-json\/wp\/v2\/users\/1"}],"replies":[{"embeddable":true,"href":"https:\/\/www.lhjupiter.com\/en\/wp-json\/wp\/v2\/comments?post=907"}],"version-history":[{"count":1,"href":"https:\/\/www.lhjupiter.com\/en\/wp-json\/wp\/v2\/pages\/907\/revisions"}],"predecessor-version":[{"id":2166,"href":"https:\/\/www.lhjupiter.com\/en\/wp-json\/wp\/v2\/pages\/907\/revisions\/2166"}],"wp:attachment":[{"href":"https:\/\/www.lhjupiter.com\/en\/wp-json\/wp\/v2\/media?parent=907"}],"curies":[{"name":"wp","href":"https:\/\/api.w.org\/{rel}","templated":true}]}}